{"id":967,"date":"2020-05-13T07:16:51","date_gmt":"2020-05-13T07:16:51","guid":{"rendered":"https:\/\/www.logis-am-park.de\/?page_id=967"},"modified":"2020-05-13T07:41:28","modified_gmt":"2020-05-13T07:41:28","slug":"coronaschutzmassnahmen","status":"publish","type":"page","link":"https:\/\/www.logis-am-park.de\/?page_id=967","title":{"rendered":"Coronaschutz"},"content":{"rendered":"\n<p>Die Sicherheit meiner G\u00e4ste hat f\u00fcr mich oberste Priorit\u00e4t.<\/p>\n\n\n\n<p>Auf Grund der r\u00e4umlichen Gegebenheiten des Hauses ist es sehr gut m\u00f6glich, den Kontakt mit anderen G\u00e4sten zu vermeiden bzw. den notwendigen Sicherheitsabstand einzuhalten. <\/p>\n\n\n\n<p>Um die Sicherheit der G\u00e4ste w\u00e4hrend der Coronapandemie zu gew\u00e4hrleisten, werden die normalen Reinigungsarbeiten um folgende Ma\u00dfnahmen erweitert:<\/p>\n\n\n\n<ul class=\"wp-block-list\"><li>bei der Reinigung der Wohnungen wird auf die Desinfektion der Fl\u00e4chen, wie T\u00fcrklinken und Fl\u00e4chen im Sanit\u00e4rbereich besonderer Wert gelegt<\/li><li>alle Fl\u00e4chen und Gegenst\u00e4nde die gemeinsam durch die verschiedenen G\u00e4ste benutzt werden, werden regelm\u00e4\u00dfig desinfiziert<\/li><li>um die r\u00e4umliche Trennung der G\u00e4ste beim Rauchen zu gew\u00e4hrleisten, sind zus\u00e4tzliche Raucherpl\u00e4tze eingerichtet.<\/li><li>bei Bedarf k\u00f6nnen Schutzmasken k\u00e4uflich erworben werden<\/li><\/ul>\n\n\n\n<p><\/p>\n","protected":false},"excerpt":{"rendered":"<p>Die Sicherheit meiner G\u00e4ste hat f\u00fcr mich oberste Priorit\u00e4t. Auf Grund der r\u00e4umlichen Gegebenheiten des Hauses ist es sehr gut m\u00f6glich, den Kontakt mit anderen G\u00e4sten zu vermeiden bzw. den notwendigen Sicherheitsabstand einzuhalten. Um die Sicherheit der G\u00e4ste w\u00e4hrend der Coronapandemie zu gew\u00e4hrleisten, werden die normalen Reinigungsarbeiten um folgende Ma\u00dfnahmen erweitert: bei der Reinigung der &hellip; <a href=\"https:\/\/www.logis-am-park.de\/?page_id=967\" class=\"more-link\"><span class=\"screen-reader-text\">\u201eCoronaschutz\u201c<\/span> weiterlesen<\/a><\/p>\n","protected":false},"author":2,"featured_media":0,"parent":0,"menu_order":0,"comment_status":"closed","ping_status":"closed","template":"","meta":{"ngg_post_thumbnail":0,"footnotes":""},"class_list":["post-967","page","type-page","status-publish","hentry"],"aioseo_notices":[],"_links":{"self":[{"href":"https:\/\/www.logis-am-park.de\/index.php?rest_route=\/wp\/v2\/pages\/967","targetHints":{"allow":["GET"]}}],"collection":[{"href":"https:\/\/www.logis-am-park.de\/index.php?rest_route=\/wp\/v2\/pages"}],"about":[{"href":"https:\/\/www.logis-am-park.de\/index.php?rest_route=\/wp\/v2\/types\/page"}],"author":[{"embeddable":true,"href":"https:\/\/www.logis-am-park.de\/index.php?rest_route=\/wp\/v2\/users\/2"}],"replies":[{"embeddable":true,"href":"https:\/\/www.logis-am-park.de\/index.php?rest_route=%2Fwp%2Fv2%2Fcomments&post=967"}],"version-history":[{"count":4,"href":"https:\/\/www.logis-am-park.de\/index.php?rest_route=\/wp\/v2\/pages\/967\/revisions"}],"predecessor-version":[{"id":973,"href":"https:\/\/www.logis-am-park.de\/index.php?rest_route=\/wp\/v2\/pages\/967\/revisions\/973"}],"wp:attachment":[{"href":"https:\/\/www.logis-am-park.de\/index.php?rest_route=%2Fwp%2Fv2%2Fmedia&parent=967"}],"curies":[{"name":"wp","href":"https:\/\/api.w.org\/{rel}","templated":true}]}}