{"id":8,"date":"2012-08-20T20:18:13","date_gmt":"2012-08-20T18:18:13","guid":{"rendered":"https:\/\/www.logis-am-park.de\/?page_id=8"},"modified":"2024-10-13T15:20:43","modified_gmt":"2024-10-13T15:20:43","slug":"logis-1","status":"publish","type":"page","link":"https:\/\/www.logis-am-park.de\/?page_id=8","title":{"rendered":"Logis 1"},"content":{"rendered":"<h3>Logis 1<\/h3>\nngg_shortcode_0_placeholder\n<h2>2-7 Personen<\/h2>\n<h1>Untergeschoss<\/h1>\n<p>Die moderne und geschmackvolle Ferienwohnung liegt im Untergeschoss des Hauses. Sie bietet Platz f\u00fcr max. 6-7 Personen. Zus\u00e4tzlich k\u00f6nnen 2 Kinderbetten aufgestellt werden. Um sich wirklich wohlf\u00fchlen zu k\u00f6nnen, sollte bei einem l\u00e4ngeren Aufenthalt die Personenzahl 4 nicht \u00fcberschritten werden.<\/p>\n<p>In der Wohnung finden Sie ein Wohnzimmer mit gem\u00fctlichem Essbereich und voll ausgestatteter offener K\u00fcche, ein Bad mit Dusche, ein separates WC sowie zwei Schlafr\u00e4ume. Die Fenster haben eine normale Gr\u00f6\u00dfe und lassen ausreichend Licht in die Wohnung.<\/p>\n<p><strong>Schlafm\u00f6glichkeiten<\/strong><\/p>\n<p>In einem der Zimmer kann neben dem Doppelbett eine Doppelbettcouch als Aufbettungsm\u00f6glichkeit genutzt werden. In dem zweiten Zimmer steht 2 G\u00e4sten je eine Liege bereit, die als Einzel- oder Doppelbett gestellt werden k\u00f6nnen. Im Wohnzimmer finden Sie zus\u00e4tzlich eine Schlafcouch f\u00fcr 2 Personen.<\/p>\n<p>Zum Gesamtobjekt, bestehend aus 4 Ferienwohnungen, geh\u00f6ren insgesamt 3 Parkpl\u00e4tze. Weitere Parkm\u00f6glichkeiten befinden sich im \u00f6ffentlichen Raum ca. 50 m entfernt.<\/p>\n<div class=\"iw-bookingwidget\"><\/div>\n<p><script id=\"iw-bookingwidgetScript\" type=\"text\/javascript\" src=\"https:\/\/www.buchen.travel\/shared\/_expo\/js-scripts\/jquery.responsiveIframeComplete.js\" data-room=\"186186\" data-onlythisroom=\"1\" data-interfaceid=\"40303\" data-cal=\"all\" data-url=\"https:\/\/bookingwidget.im-web.de\"><\/script><\/p>\n","protected":false},"excerpt":{"rendered":"<p>Logis 1 2-7 Personen Untergeschoss Die moderne und geschmackvolle Ferienwohnung liegt im Untergeschoss des Hauses. Sie bietet Platz f\u00fcr max. 6-7 Personen. Zus\u00e4tzlich k\u00f6nnen 2 Kinderbetten aufgestellt werden. Um sich wirklich wohlf\u00fchlen zu k\u00f6nnen, sollte bei einem l\u00e4ngeren Aufenthalt die Personenzahl 4 nicht \u00fcberschritten werden. In der Wohnung finden Sie ein Wohnzimmer mit gem\u00fctlichem Essbereich &hellip; <a href=\"https:\/\/www.logis-am-park.de\/?page_id=8\" class=\"more-link\"><span class=\"screen-reader-text\">\u201eLogis 1\u201c<\/span> weiterlesen<\/a><\/p>\n","protected":false},"author":1,"featured_media":169,"parent":0,"menu_order":0,"comment_status":"open","ping_status":"closed","template":"","meta":{"ngg_post_thumbnail":0,"footnotes":""},"class_list":["post-8","page","type-page","status-publish","has-post-thumbnail","hentry"],"aioseo_notices":[],"_links":{"self":[{"href":"https:\/\/www.logis-am-park.de\/index.php?rest_route=\/wp\/v2\/pages\/8","targetHints":{"allow":["GET"]}}],"collection":[{"href":"https:\/\/www.logis-am-park.de\/index.php?rest_route=\/wp\/v2\/pages"}],"about":[{"href":"https:\/\/www.logis-am-park.de\/index.php?rest_route=\/wp\/v2\/types\/page"}],"author":[{"embeddable":true,"href":"https:\/\/www.logis-am-park.de\/index.php?rest_route=\/wp\/v2\/users\/1"}],"replies":[{"embeddable":true,"href":"https:\/\/www.logis-am-park.de\/index.php?rest_route=%2Fwp%2Fv2%2Fcomments&post=8"}],"version-history":[{"count":18,"href":"https:\/\/www.logis-am-park.de\/index.php?rest_route=\/wp\/v2\/pages\/8\/revisions"}],"predecessor-version":[{"id":1062,"href":"https:\/\/www.logis-am-park.de\/index.php?rest_route=\/wp\/v2\/pages\/8\/revisions\/1062"}],"wp:featuredmedia":[{"embeddable":true,"href":"https:\/\/www.logis-am-park.de\/index.php?rest_route=\/wp\/v2\/media\/169"}],"wp:attachment":[{"href":"https:\/\/www.logis-am-park.de\/index.php?rest_route=%2Fwp%2Fv2%2Fmedia&parent=8"}],"curies":[{"name":"wp","href":"https:\/\/api.w.org\/{rel}","templated":true}]}}