{"id":786,"date":"2017-01-31T20:50:30","date_gmt":"2017-01-31T20:50:30","guid":{"rendered":"http:\/\/logis-am-park.de\/?page_id=786"},"modified":"2026-01-13T08:54:35","modified_gmt":"2026-01-13T08:54:35","slug":"buchen","status":"publish","type":"page","link":"https:\/\/www.logis-am-park.de\/?page_id=786","title":{"rendered":"Buchen"},"content":{"rendered":"<p>Wir w\u00fcrden uns freuen, Sie als unseren Gast begr\u00fc\u00dfen zu d\u00fcrfen. Hier k\u00f6nnen Sie einfach das f\u00fcr Sie freie Logis buchen.<\/p>\n\n\n<div class=\"iw-bookingwidget\"><\/div> <script id=\"iw-bookingwidgetScript\" type=\"text\/javascript\" src=\"https:\/\/www.buchen.travel\/shared\/_expo\/js-scripts\/jquery.responsiveIframeComplete.js\" data-obj=\"66755\" data-interfaceid=\"40233\" data-cal=\"only\" data-url=\"https:\/\/bookingwidget.im-web.de\" ><\/script>\n\n\n\n<p><\/p>\n","protected":false},"excerpt":{"rendered":"<p>Wir w\u00fcrden uns freuen, Sie als unseren Gast begr\u00fc\u00dfen zu d\u00fcrfen. Hier k\u00f6nnen Sie einfach das f\u00fcr Sie freie Logis buchen.<\/p>\n","protected":false},"author":1,"featured_media":0,"parent":0,"menu_order":0,"comment_status":"closed","ping_status":"closed","template":"","meta":{"ngg_post_thumbnail":0,"footnotes":""},"class_list":["post-786","page","type-page","status-publish","hentry"],"aioseo_notices":[],"_links":{"self":[{"href":"https:\/\/www.logis-am-park.de\/index.php?rest_route=\/wp\/v2\/pages\/786","targetHints":{"allow":["GET"]}}],"collection":[{"href":"https:\/\/www.logis-am-park.de\/index.php?rest_route=\/wp\/v2\/pages"}],"about":[{"href":"https:\/\/www.logis-am-park.de\/index.php?rest_route=\/wp\/v2\/types\/page"}],"author":[{"embeddable":true,"href":"https:\/\/www.logis-am-park.de\/index.php?rest_route=\/wp\/v2\/users\/1"}],"replies":[{"embeddable":true,"href":"https:\/\/www.logis-am-park.de\/index.php?rest_route=%2Fwp%2Fv2%2Fcomments&post=786"}],"version-history":[{"count":10,"href":"https:\/\/www.logis-am-park.de\/index.php?rest_route=\/wp\/v2\/pages\/786\/revisions"}],"predecessor-version":[{"id":1078,"href":"https:\/\/www.logis-am-park.de\/index.php?rest_route=\/wp\/v2\/pages\/786\/revisions\/1078"}],"wp:attachment":[{"href":"https:\/\/www.logis-am-park.de\/index.php?rest_route=%2Fwp%2Fv2%2Fmedia&parent=786"}],"curies":[{"name":"wp","href":"https:\/\/api.w.org\/{rel}","templated":true}]}}