{"id":43,"date":"2012-08-20T20:52:18","date_gmt":"2012-08-20T18:52:18","guid":{"rendered":"https:\/\/www.logis-am-park.de\/?page_id=43"},"modified":"2025-03-06T10:37:18","modified_gmt":"2025-03-06T10:37:18","slug":"willkommen","status":"publish","type":"page","link":"https:\/\/www.logis-am-park.de\/","title":{"rendered":"Willkommen"},"content":{"rendered":"<h1><span style=\"color: #7b8040;\">Herzlich Willkommen mitten im Dessau-W\u00f6rlitzer Gartenreich!<\/span><\/h1>\n<figure id=\"attachment_623\" aria-describedby=\"caption-attachment-623\" style=\"width: 840px\" class=\"wp-caption alignnone\"><a href=\"http:\/\/logis-am-park.de\/wp-content\/uploads\/logis\/SAM_1687.JPG\"><img loading=\"lazy\" decoding=\"async\" class=\"wp-image-623 size-large\" src=\"http:\/\/logis-am-park.de\/wp-content\/uploads\/logis\/SAM_1687-1024x768.jpg\" width=\"840\" height=\"630\" srcset=\"https:\/\/www.logis-am-park.de\/wp-content\/uploads\/logis\/SAM_1687-1024x768.jpg 1024w, https:\/\/www.logis-am-park.de\/wp-content\/uploads\/logis\/SAM_1687-300x225.jpg 300w, https:\/\/www.logis-am-park.de\/wp-content\/uploads\/logis\/SAM_1687-768x576.jpg 768w, https:\/\/www.logis-am-park.de\/wp-content\/uploads\/logis\/SAM_1687-1200x900.jpg 1200w\" sizes=\"auto, (max-width: 709px) 85vw, (max-width: 909px) 67vw, (max-width: 1362px) 62vw, 840px\" \/><\/a><figcaption id=\"caption-attachment-623\" class=\"wp-caption-text\">Logis am Park<\/figcaption><\/figure>\n<p>Genie\u00dfen Sie die unvergesslichsten Kulturlandschaften im Dessau-W\u00f6rlitzer Gartenreich.<\/p>\n<p>Inmitten des zauberhaften Parks Luisium finden Sie Ruhe und Entspannung. G\u00f6nnen Sie sich lange Spazierg\u00e4nge und lauschen Sie den Ger\u00e4uschen der Natur.<\/p>\n<p>Berufst\u00e4tige und Kurzreisende sind nat\u00fcrlich bei uns gleicherma\u00dfen willkommen.<\/p>\n<p>Das Dessau W\u00f6rlitzer Gartenreich, welches zum Unesco-Weltkulturerbe z\u00e4hlt, ist eingebettet in die Auen von Elbe und Mulde und l\u00e4sst so eine unverwechselbare Flora und Fauna zu.<\/p>\n<p>Zeit zum Verweilen finden Sie in zahlreichen Cafes und Restaurants in der N\u00e4he.<\/p>\n<p><span style=\"color: #000000;\"><strong>mehr lesen<\/strong><\/span> <a title=\"Gartenreich Dessau\" href=\"http:\/\/www.gartenreich.com\" target=\"_blank\" rel=\"noopener\">www.gartenreich.com<\/a><\/p>\n<p>&nbsp;<\/p>\n<h1><span style=\"color: #7b7f42;\">Wohnungen, in denen Sie sich zu Hause f\u00fchlen<\/span><\/h1>\n<p>Unsere vier Ferienwohnungen sind individuell und liebevoll gestaltet und mit allen notwendigen Dingen&nbsp;incl. WLAN ausgestattet. Jede Wohnung ist nat\u00fcrlich individuell miet- und nutzbar.<\/p>\n<p>Wenn Sie als Gruppe verreisen, bietet die Wohnung im Erdgeschoss&nbsp; mit dem grossen Esstisch Platz f\u00fcr 14 &#8211; 16 Personen.&nbsp; Ihr zentraler Ort f\u00fcr kleinere Familienfeiern oder Zusammenk\u00fcnfte. Die Wohnung ist entsprechend dieser Personenzahl ausgestattet. Der Kamin verleiht Gem\u00fctlichkeit.<\/p>\n<p>In den weiteren Ferienwohnungen ist dann reichlich Platz f\u00fcr Schlafg\u00e4ste.<\/p>\n<p>An die Wohnungen schlie\u00dfen sich zwei Terrassen an.<\/p>\n<p>Im Garten gibt es eine Feuerstelle und ein romantisches Gartenhaus, welches f\u00fcr die G\u00e4ste nutzbar ist.<\/p>\n<p>Parkpl\u00e4tze sind vorhanden.<\/p>\n","protected":false},"excerpt":{"rendered":"<p>Herzlich Willkommen mitten im Dessau-W\u00f6rlitzer Gartenreich! Genie\u00dfen Sie die unvergesslichsten Kulturlandschaften im Dessau-W\u00f6rlitzer Gartenreich. Inmitten des zauberhaften Parks Luisium finden Sie Ruhe und Entspannung. G\u00f6nnen Sie sich lange Spazierg\u00e4nge und lauschen Sie den Ger\u00e4uschen der Natur. Berufst\u00e4tige und Kurzreisende sind nat\u00fcrlich bei uns gleicherma\u00dfen willkommen. Das Dessau W\u00f6rlitzer Gartenreich, welches zum Unesco-Weltkulturerbe z\u00e4hlt, ist eingebettet &hellip; <a href=\"https:\/\/www.logis-am-park.de\/\" class=\"more-link\"><span class=\"screen-reader-text\">\u201eWillkommen\u201c<\/span> weiterlesen<\/a><\/p>\n","protected":false},"author":1,"featured_media":630,"parent":0,"menu_order":0,"comment_status":"closed","ping_status":"closed","template":"","meta":{"ngg_post_thumbnail":0,"footnotes":""},"class_list":["post-43","page","type-page","status-publish","has-post-thumbnail","hentry"],"aioseo_notices":[],"_links":{"self":[{"href":"https:\/\/www.logis-am-park.de\/index.php?rest_route=\/wp\/v2\/pages\/43","targetHints":{"allow":["GET"]}}],"collection":[{"href":"https:\/\/www.logis-am-park.de\/index.php?rest_route=\/wp\/v2\/pages"}],"about":[{"href":"https:\/\/www.logis-am-park.de\/index.php?rest_route=\/wp\/v2\/types\/page"}],"author":[{"embeddable":true,"href":"https:\/\/www.logis-am-park.de\/index.php?rest_route=\/wp\/v2\/users\/1"}],"replies":[{"embeddable":true,"href":"https:\/\/www.logis-am-park.de\/index.php?rest_route=%2Fwp%2Fv2%2Fcomments&post=43"}],"version-history":[{"count":7,"href":"https:\/\/www.logis-am-park.de\/index.php?rest_route=\/wp\/v2\/pages\/43\/revisions"}],"predecessor-version":[{"id":1069,"href":"https:\/\/www.logis-am-park.de\/index.php?rest_route=\/wp\/v2\/pages\/43\/revisions\/1069"}],"wp:featuredmedia":[{"embeddable":true,"href":"https:\/\/www.logis-am-park.de\/index.php?rest_route=\/wp\/v2\/media\/630"}],"wp:attachment":[{"href":"https:\/\/www.logis-am-park.de\/index.php?rest_route=%2Fwp%2Fv2%2Fmedia&parent=43"}],"curies":[{"name":"wp","href":"https:\/\/api.w.org\/{rel}","templated":true}]}}