{"id":22,"date":"2012-08-20T20:23:31","date_gmt":"2012-08-20T18:23:31","guid":{"rendered":"https:\/\/www.logis-am-park.de\/?page_id=22"},"modified":"2024-04-11T12:57:21","modified_gmt":"2024-04-11T12:57:21","slug":"links","status":"publish","type":"page","link":"https:\/\/www.logis-am-park.de\/?page_id=22","title":{"rendered":"Links"},"content":{"rendered":"ngg_shortcode_0_placeholder\n<h2>Das Gartenreich entdecken<\/h2>\n<h1>Schl\u00f6sser, Parkanlagen, Auen und Fl\u00fcsse<\/h1>\n<p>Reisen Sie durch die Zeit und lassen sie sich verzaubern vom Unesco Weltkulturerbe, dem Dessau W\u00f6rlitzer Gartenreich.<br \/>\n<span style=\"color: #000000;\"><strong>mehr lesen<\/strong><\/span> <a title=\"Gartenreich Dessau\" href=\"http:\/\/www.gartenreich.com\">www.gartenreich.com<\/a><\/p>\n<p>&nbsp;<\/p>\n<h2><span style=\"color: #adb466;\">Von Schauspiel bis Ballett<\/span><\/h2>\n<h1><span style=\"color: #7b7f42;\">Kulturprogramm f\u00fcr die Sinne<\/span><\/h1>\n<p>Ein Besuch in unserem Anhaltischen Landestheater mit eigenem Ensemble lohnt sich immer<br \/>\n<strong><span style=\"color: #000000;\">mehr lesen<\/span><\/strong> <a title=\"Anhaltisches Theater\" href=\"http:\/\/www.anhaltisches-theater.de\">www.anhaltisches-theater.de<\/a><\/p>\n<p>nach dem Theaterbesuch kann man entspannt ein Gl\u00e4schen Wein im Restaurant Altes Theater genie\u00dfen<br \/>\n<strong>mehr lesen<\/strong> <a title=\"Restaurant Altes Theater\" href=\"http:\/\/www.restaurant-altes-theater.de\">www.restaurant-altes-theater.de<\/a><\/p>\n<p>&nbsp;<\/p>\n<h2><span style=\"color: #adb466;\">Gaumenfreuden<\/span><\/h2>\n<h1><span style=\"color: #7b7f42;\">Kulinarische Gen\u00fcsse in reizvoller Umgebung<\/span><\/h1>\n<p>zahlreiche Cafe\u00b4s in der Parklandschaft laden zum Verweilen ein.<br \/>\nmehr lesen <a title=\"Gartenreich\" href=\"http:\/\/www.gartenreich-gastronomie.de\">www.gartenreich-gastronomie.de<\/a><\/p>\n<p>&nbsp;<\/p>\n<h2><span style=\"color: #adb466;\">Kornhaus Dessau<\/span><\/h2>\n<h1><span style=\"color: #7b7f42;\">Romantik an der Elbe<br \/>\n<\/span><\/h1>\n<p>seit Ende 2012 nach Bauma\u00dfnahmen wieder ge\u00f6ffnet, das traditionelle Kornhaus an der Elbe in Dessau<br \/>\n<strong>mehr lesen<\/strong> <a href=\"http:\/\/kornhaus-dessau.de\/\">kornhaus-dessau.de<\/a><\/p>\n","protected":false},"excerpt":{"rendered":"<p>Das Gartenreich entdecken Schl\u00f6sser, Parkanlagen, Auen und Fl\u00fcsse Reisen Sie durch die Zeit und lassen sie sich verzaubern vom Unesco Weltkulturerbe, dem Dessau W\u00f6rlitzer Gartenreich. mehr lesen www.gartenreich.com &nbsp; Von Schauspiel bis Ballett Kulturprogramm f\u00fcr die Sinne Ein Besuch in unserem Anhaltischen Landestheater mit eigenem Ensemble lohnt sich immer mehr lesen www.anhaltisches-theater.de nach dem Theaterbesuch &hellip; <a href=\"https:\/\/www.logis-am-park.de\/?page_id=22\" class=\"more-link\"><span class=\"screen-reader-text\">\u201eLinks\u201c<\/span> weiterlesen<\/a><\/p>\n","protected":false},"author":1,"featured_media":170,"parent":0,"menu_order":0,"comment_status":"closed","ping_status":"closed","template":"","meta":{"ngg_post_thumbnail":0,"footnotes":""},"class_list":["post-22","page","type-page","status-publish","has-post-thumbnail","hentry"],"aioseo_notices":[],"_links":{"self":[{"href":"https:\/\/www.logis-am-park.de\/index.php?rest_route=\/wp\/v2\/pages\/22","targetHints":{"allow":["GET"]}}],"collection":[{"href":"https:\/\/www.logis-am-park.de\/index.php?rest_route=\/wp\/v2\/pages"}],"about":[{"href":"https:\/\/www.logis-am-park.de\/index.php?rest_route=\/wp\/v2\/types\/page"}],"author":[{"embeddable":true,"href":"https:\/\/www.logis-am-park.de\/index.php?rest_route=\/wp\/v2\/users\/1"}],"replies":[{"embeddable":true,"href":"https:\/\/www.logis-am-park.de\/index.php?rest_route=%2Fwp%2Fv2%2Fcomments&post=22"}],"version-history":[{"count":1,"href":"https:\/\/www.logis-am-park.de\/index.php?rest_route=\/wp\/v2\/pages\/22\/revisions"}],"predecessor-version":[{"id":1044,"href":"https:\/\/www.logis-am-park.de\/index.php?rest_route=\/wp\/v2\/pages\/22\/revisions\/1044"}],"wp:featuredmedia":[{"embeddable":true,"href":"https:\/\/www.logis-am-park.de\/index.php?rest_route=\/wp\/v2\/media\/170"}],"wp:attachment":[{"href":"https:\/\/www.logis-am-park.de\/index.php?rest_route=%2Fwp%2Fv2%2Fmedia&parent=22"}],"curies":[{"name":"wp","href":"https:\/\/api.w.org\/{rel}","templated":true}]}}