{"id":20,"date":"2012-08-20T20:23:04","date_gmt":"2012-08-20T18:23:04","guid":{"rendered":"https:\/\/www.logis-am-park.de\/?page_id=20"},"modified":"2024-03-04T09:58:01","modified_gmt":"2024-03-04T09:58:01","slug":"angebote","status":"publish","type":"page","link":"https:\/\/www.logis-am-park.de\/?page_id=20","title":{"rendered":"Angebote"},"content":{"rendered":"<h1>Serviceangebote<\/h1>\n<p>Damit Sie bei Ihrer Ankunft keinen leeren K\u00fchlschrank vorfinden, bieten wir unseren G\u00e4sten einen Einkaufsservice auf Vorbestellung an.<\/p>\n<p>Gern k\u00f6nnen sich unsere G\u00e4ste&nbsp; unsere Fahrr\u00e4der ausleihen.<\/p>\n<p>Infomaterial zur Region liegt gratis f\u00fcr Sie bereit.<\/p>\n<p>Falls erw\u00fcnscht stellen wir unseren G\u00e4sten ein kleines Ausflugspaket zusammen, ob Theaterbesuch, Kutsch,- oder Gondelfahrt ganz individuell. Kontaktieren Sie uns bitte \u00fcber unser Kontaktformular.<\/p>\n<p>&nbsp;<\/p>\n","protected":false},"excerpt":{"rendered":"<p>Serviceangebote Damit Sie bei Ihrer Ankunft keinen leeren K\u00fchlschrank vorfinden, bieten wir unseren G\u00e4sten einen Einkaufsservice auf Vorbestellung an. Gern k\u00f6nnen sich unsere G\u00e4ste&nbsp; unsere Fahrr\u00e4der ausleihen. Infomaterial zur Region liegt gratis f\u00fcr Sie bereit. Falls erw\u00fcnscht stellen wir unseren G\u00e4sten ein kleines Ausflugspaket zusammen, ob Theaterbesuch, Kutsch,- oder Gondelfahrt ganz individuell. Kontaktieren Sie uns &hellip; <a href=\"https:\/\/www.logis-am-park.de\/?page_id=20\" class=\"more-link\"><span class=\"screen-reader-text\">\u201eAngebote\u201c<\/span> weiterlesen<\/a><\/p>\n","protected":false},"author":1,"featured_media":172,"parent":0,"menu_order":0,"comment_status":"closed","ping_status":"closed","template":"","meta":{"ngg_post_thumbnail":0,"footnotes":""},"class_list":["post-20","page","type-page","status-publish","has-post-thumbnail","hentry"],"aioseo_notices":[],"_links":{"self":[{"href":"https:\/\/www.logis-am-park.de\/index.php?rest_route=\/wp\/v2\/pages\/20","targetHints":{"allow":["GET"]}}],"collection":[{"href":"https:\/\/www.logis-am-park.de\/index.php?rest_route=\/wp\/v2\/pages"}],"about":[{"href":"https:\/\/www.logis-am-park.de\/index.php?rest_route=\/wp\/v2\/types\/page"}],"author":[{"embeddable":true,"href":"https:\/\/www.logis-am-park.de\/index.php?rest_route=\/wp\/v2\/users\/1"}],"replies":[{"embeddable":true,"href":"https:\/\/www.logis-am-park.de\/index.php?rest_route=%2Fwp%2Fv2%2Fcomments&post=20"}],"version-history":[{"count":2,"href":"https:\/\/www.logis-am-park.de\/index.php?rest_route=\/wp\/v2\/pages\/20\/revisions"}],"predecessor-version":[{"id":1018,"href":"https:\/\/www.logis-am-park.de\/index.php?rest_route=\/wp\/v2\/pages\/20\/revisions\/1018"}],"wp:featuredmedia":[{"embeddable":true,"href":"https:\/\/www.logis-am-park.de\/index.php?rest_route=\/wp\/v2\/media\/172"}],"wp:attachment":[{"href":"https:\/\/www.logis-am-park.de\/index.php?rest_route=%2Fwp%2Fv2%2Fmedia&parent=20"}],"curies":[{"name":"wp","href":"https:\/\/api.w.org\/{rel}","templated":true}]}}