{"id":18,"date":"2012-08-20T20:22:44","date_gmt":"2012-08-20T18:22:44","guid":{"rendered":"https:\/\/www.logis-am-park.de\/?page_id=18"},"modified":"2024-04-11T12:55:40","modified_gmt":"2024-04-11T12:55:40","slug":"arrangements","status":"publish","type":"page","link":"https:\/\/www.logis-am-park.de\/?page_id=18","title":{"rendered":"Arrangements"},"content":{"rendered":"<h2>Arrangements<\/h2>\n<h1>Was k\u00f6nnen wir f\u00fcr Sie tun?<\/h1>\n<p>Ob Theaterbesuch, Kulturfestivals oder sonstige Veranstaltungen in unserer Region- Gern sind wir Ihnen bei der Buchung und Zusammenstellung eines verbindlichen Arrangements entsprechend Ihrer W\u00fcnsche behilflich.<\/p>\n<p>Bitte teilen Sie uns diesbez\u00fcglich ihre W\u00fcnsche \u00fcber unser Kontaktformular mit.<\/p>\n<p>&nbsp;<\/p>\n<h1><span style=\"color: #7b7f42;\">Kultur in der Region<\/span><\/h1>\n<p>&nbsp;<\/p>\n<p><strong>Eine kleine m\u00f6gliche Auswahl von Veranstaltungen in der Region:<\/strong><\/p>\n<p>Kurt Weill Fest Dessau <a href=\"http:\/\/www.kurt-weill.de\">www.kurt-weill.de<\/a><\/p>\n<p>Farbfest am Bauhaus <a title=\"Farbfest am Bauhaus\" href=\"http:\/\/www.farbfest-dessau.de\">www.farbfest-dessau.de<\/a><\/p>\n<p>Anhalt 800&nbsp; <a title=\"Anhalt 800\" href=\"http:\/\/www.anhalt800.de\">www.anhalt800.de<\/a><\/p>\n<p>Reformationsfest Lutherstadt-Wittenberg<\/p>\n<p><a title=\"Reformationsfest\" href=\"http:\/\/www.lutherstadt-wittenberg.de\">www.lutherstadt-wittenberg.de<\/a><\/p>\n<p>Musik am Bauhaus <a title=\"ZDF am Bauhaus\" href=\"http:\/\/www.bauhaus.zdf.de\">www.bauhaus.zdf.de<\/a><\/p>\n<p>Ferropolis Stadt aus Eisen <a title=\"Ferropolis\" href=\"http:\/\/www.ferropolis.de\">www.ferropolis.de<\/a><\/p>\n<p>Tourismus der <a title=\"Dessau Tourismus\" href=\"http:\/\/www.dessau-rosslau-tourismus.de\">Stadt Dessau-Rosslau<\/a><\/p>\n","protected":false},"excerpt":{"rendered":"<p>Arrangements Was k\u00f6nnen wir f\u00fcr Sie tun? Ob Theaterbesuch, Kulturfestivals oder sonstige Veranstaltungen in unserer Region- Gern sind wir Ihnen bei der Buchung und Zusammenstellung eines verbindlichen Arrangements entsprechend Ihrer W\u00fcnsche behilflich. Bitte teilen Sie uns diesbez\u00fcglich ihre W\u00fcnsche \u00fcber unser Kontaktformular mit. &nbsp; Kultur in der Region &nbsp; Eine kleine m\u00f6gliche Auswahl von Veranstaltungen &hellip; <a href=\"https:\/\/www.logis-am-park.de\/?page_id=18\" class=\"more-link\"><span class=\"screen-reader-text\">\u201eArrangements\u201c<\/span> weiterlesen<\/a><\/p>\n","protected":false},"author":1,"featured_media":53,"parent":0,"menu_order":0,"comment_status":"open","ping_status":"closed","template":"","meta":{"ngg_post_thumbnail":0,"footnotes":""},"class_list":["post-18","page","type-page","status-publish","has-post-thumbnail","hentry"],"aioseo_notices":[],"_links":{"self":[{"href":"https:\/\/www.logis-am-park.de\/index.php?rest_route=\/wp\/v2\/pages\/18","targetHints":{"allow":["GET"]}}],"collection":[{"href":"https:\/\/www.logis-am-park.de\/index.php?rest_route=\/wp\/v2\/pages"}],"about":[{"href":"https:\/\/www.logis-am-park.de\/index.php?rest_route=\/wp\/v2\/types\/page"}],"author":[{"embeddable":true,"href":"https:\/\/www.logis-am-park.de\/index.php?rest_route=\/wp\/v2\/users\/1"}],"replies":[{"embeddable":true,"href":"https:\/\/www.logis-am-park.de\/index.php?rest_route=%2Fwp%2Fv2%2Fcomments&post=18"}],"version-history":[{"count":5,"href":"https:\/\/www.logis-am-park.de\/index.php?rest_route=\/wp\/v2\/pages\/18\/revisions"}],"predecessor-version":[{"id":1043,"href":"https:\/\/www.logis-am-park.de\/index.php?rest_route=\/wp\/v2\/pages\/18\/revisions\/1043"}],"wp:featuredmedia":[{"embeddable":true,"href":"https:\/\/www.logis-am-park.de\/index.php?rest_route=\/wp\/v2\/media\/53"}],"wp:attachment":[{"href":"https:\/\/www.logis-am-park.de\/index.php?rest_route=%2Fwp%2Fv2%2Fmedia&parent=18"}],"curies":[{"name":"wp","href":"https:\/\/api.w.org\/{rel}","templated":true}]}}