{"id":12,"date":"2012-08-20T20:18:39","date_gmt":"2012-08-20T18:18:39","guid":{"rendered":"https:\/\/www.logis-am-park.de\/?page_id=12"},"modified":"2023-01-10T21:46:15","modified_gmt":"2023-01-10T21:46:15","slug":"logis-3","status":"publish","type":"page","link":"https:\/\/www.logis-am-park.de\/?page_id=12","title":{"rendered":"Logis 3"},"content":{"rendered":"<h3>Logis 3<\/h3>\nngg_shortcode_0_placeholder\n<h2>3-6 Personen<\/h2>\n<h1>Anbau<\/h1>\n<p>Die modern und geschmackvoll eingerichtete Ferienwohnung f\u00fcr bis zu 6 Personen befindet sich im Anbau \u00fcber der Doppelgarage. Die Wohnung ersteckt sich \u00fcber 2 Etagen und ist f\u00fcr Personen mit eingeschr\u00e4nkter Mobilit\u00e4t <span style=\"text-decoration: underline;\">nicht<\/span> geeignet.<\/p>\n<p>Die erste Etage der Wohnung verf\u00fcgt \u00fcber ein ger\u00e4umiges, komfortabel eingerichtetes Wohnzimmer mit einer Doppelbettcouch, TV und einem Esstisch f\u00fcr 6 Personen, eine voll ausgestattete K\u00fcche mit einem Tisch f\u00fcr 2 Personen, eine Sp\u00fclmaschine und ein Badezimmer.<\/p>\n<p>Auf der zweiten Etage gibt es ein Schlafzimmer mit Doppelbett und Einbauschrank, ein Einzelzimmer mit zus\u00e4tzlichem Schlafsofa und ein G\u00e4ste-WC.<\/p>\n<p>F\u00fcr eine komplette Einheit bestehend aus 4 Apartments existieren insgesamt 3 Parkpl\u00e4tze. Zus\u00e4tzliche Parkpl\u00e4tze sind nur 50 Meter entfernt im \u00f6ffentlichen Raum verf\u00fcgbar.<\/p>\n<div class=\"iw-bookingwidget\"><\/div>\n<p><script id=\"iw-bookingwidgetScript\" type=\"text\/javascript\" src=\"https:\/\/www.buchen.travel\/shared\/_expo\/js-scripts\/jquery.responsiveIframeComplete.js\" data-room=\"186188\" data-onlythisroom=\"1\" data-interfaceid=\"40305\" data-cal=\"all\" data-url=\"https:\/\/bookingwidget.im-web.de\"><\/script><\/p>\n","protected":false},"excerpt":{"rendered":"<p>Logis 3 3-6 Personen Anbau Die modern und geschmackvoll eingerichtete Ferienwohnung f\u00fcr bis zu 6 Personen befindet sich im Anbau \u00fcber der Doppelgarage. Die Wohnung ersteckt sich \u00fcber 2 Etagen und ist f\u00fcr Personen mit eingeschr\u00e4nkter Mobilit\u00e4t nicht geeignet. Die erste Etage der Wohnung verf\u00fcgt \u00fcber ein ger\u00e4umiges, komfortabel eingerichtetes Wohnzimmer mit einer Doppelbettcouch, TV &hellip; <a href=\"https:\/\/www.logis-am-park.de\/?page_id=12\" class=\"more-link\"><span class=\"screen-reader-text\">\u201eLogis 3\u201c<\/span> weiterlesen<\/a><\/p>\n","protected":false},"author":1,"featured_media":0,"parent":0,"menu_order":0,"comment_status":"open","ping_status":"closed","template":"","meta":{"ngg_post_thumbnail":0,"footnotes":""},"class_list":["post-12","page","type-page","status-publish","hentry"],"aioseo_notices":[],"_links":{"self":[{"href":"https:\/\/www.logis-am-park.de\/index.php?rest_route=\/wp\/v2\/pages\/12","targetHints":{"allow":["GET"]}}],"collection":[{"href":"https:\/\/www.logis-am-park.de\/index.php?rest_route=\/wp\/v2\/pages"}],"about":[{"href":"https:\/\/www.logis-am-park.de\/index.php?rest_route=\/wp\/v2\/types\/page"}],"author":[{"embeddable":true,"href":"https:\/\/www.logis-am-park.de\/index.php?rest_route=\/wp\/v2\/users\/1"}],"replies":[{"embeddable":true,"href":"https:\/\/www.logis-am-park.de\/index.php?rest_route=%2Fwp%2Fv2%2Fcomments&post=12"}],"version-history":[{"count":8,"href":"https:\/\/www.logis-am-park.de\/index.php?rest_route=\/wp\/v2\/pages\/12\/revisions"}],"predecessor-version":[{"id":1003,"href":"https:\/\/www.logis-am-park.de\/index.php?rest_route=\/wp\/v2\/pages\/12\/revisions\/1003"}],"wp:attachment":[{"href":"https:\/\/www.logis-am-park.de\/index.php?rest_route=%2Fwp%2Fv2%2Fmedia&parent=12"}],"curies":[{"name":"wp","href":"https:\/\/api.w.org\/{rel}","templated":true}]}}